{"id":934,"date":"2025-07-22T17:05:14","date_gmt":"2025-07-22T15:05:14","guid":{"rendered":"https:\/\/www.resthon.no\/en\/?page_id=934"},"modified":"2025-07-22T17:05:15","modified_gmt":"2025-07-22T15:05:15","slug":"champions-league-2024","status":"publish","type":"page","link":"https:\/\/www.resthon.no\/en\/champions-league-2024\/","title":{"rendered":"Champions League 2024"},"content":{"rendered":"\n\t<div style=\"--t2-hero-dim:0.5;\" class=\"t2-hero t2-hero-content-position-center-center t2-hero-has-dim-50 t2-hero-has-fullsize-image alignfull wp-block-t2-hero alignfull\">\n\t\t<img decoding=\"async\" width=\"2560\" height=\"1440\" src=\"https:\/\/resthon.prod.dekodes.no\/content\/uploads\/sites\/23\/2025\/07\/Web-pictures-Resthon_2560x1440_3.jpg\" class=\"t2-hero__image\" alt=\"\" style=\"object-position: 50% 50%;\" loading=\"eager\" fetchpriority=\"high\" srcset=\"https:\/\/resthon.prod.dekodes.no\/content\/uploads\/sites\/23\/2025\/07\/Web-pictures-Resthon_2560x1440_3.jpg 2560w, https:\/\/resthon.prod.dekodes.no\/content\/uploads\/sites\/23\/2025\/07\/Web-pictures-Resthon_2560x1440_3-300x169.jpg 300w, https:\/\/resthon.prod.dekodes.no\/content\/uploads\/sites\/23\/2025\/07\/Web-pictures-Resthon_2560x1440_3-768x432.jpg 768w, https:\/\/resthon.prod.dekodes.no\/content\/uploads\/sites\/23\/2025\/07\/Web-pictures-Resthon_2560x1440_3-1536x864.jpg 1536w, https:\/\/resthon.prod.dekodes.no\/content\/uploads\/sites\/23\/2025\/07\/Web-pictures-Resthon_2560x1440_3-2048x1152.jpg 2048w\" sizes=\"(max-width: 2560px) 100vw, 2560px\" \/>\n\t\t<div class=\"t2-hero__header\"><div class=\"t2-hero__header__content\">\n\n<h1 class=\"wp-block-heading alignwide has-text-align-center\" id=\"h-champions-league-on-big-screens\">Champions League on Big Screens<\/h1>\n\n\n\n<p>Experience the Champions League semi-finals and final with us on the big screen, good sound and real football atmosphere. Secure your place now!<\/p>\n\n\n\n<div class=\"wp-block-buttons is-content-justification-center is-layout-flex wp-container-core-buttons-is-layout-a89b3969 wp-block-buttons-is-layout-flex\"><\/div>\n\n<\/div><\/div>\n\t<\/div>\n\n\n<h3 class=\"wp-block-heading\">UEFA Champions League<\/h3>\n\n\n\n<p>Europe&#8217;s premier club football tournament captivates millions of fans worldwide with its mix of skill, drama and passion. Every year, the best clubs from across the continent compete for the prestigious title, showcasing their talent and determination on the biggest stage of all.<\/p>\n\n\n\n<h3 class=\"wp-block-heading\">Where to watch the Champions League semi-finals and final?<\/h3>\n\n\n\n<p>Join us at Scotsman Pub, Gr\u00f8nland Boulebar, Dr. Jekyll&#8217;s Pub, Liv og R\u00f8re Triaden in L\u00f8renskog, Liv &amp; R\u00f8re Moa in \u00c5lesund, O&#8217;Connor&#8217;s Irish Pub in Oslo and O&#8217;Connor&#8217;s Irish Pub \u00c5lesund to see the exciting the semi-finals and the final together with other enthusiastic fans.<\/p>\n\n\n\n<h3 class=\"wp-block-heading\">Which teams have reached the Champions League semi-finals?<\/h3>\n\n\n\n<p>In this year&#8217;s edition of the Champions League, there are four strong teams who are ready to fight for a place in the final:<\/p>\n\n\n\n<p><strong>Real Madrid vs Bayern Munich (April 30, May 8)<\/strong><\/p>\n\n\n\n<p>The first semi-final will be a duel between two giant European clubs, Real Madrid and Bayern Munich. Fans can expect an exciting match as these legendary teams fight for victory.<\/p>\n\n\n\n<p><strong>PSG vs Borussia Dortmund (May 1, May 7)<\/strong><\/p>\n\n\n\n<p>In the other semi-final, Paris Saint-Germain will meet Borussia Dortmund. Will PSG&#8217;s star-studded squad shine the brightest, or will the German team prove to be a tough opponent?<\/p>\n\n\n\n<h3 class=\"wp-block-heading\">Mark the date for the Champions League final!<\/h3>\n\n\n\n<p>The final of the Champions League for the 2023-2024 season is set for June 1, 2024. Fans all over the world are eagerly awaiting the conclusion of this prestigious tournament. Whether you&#8217;re a passionate supporter or just love watching top quality football, make sure you don&#8217;t miss the crowning of Europe&#8217;s champions.<\/p>\n\n\n\n<p>Join us for an unforgettable experience as we cheer on our favorite teams and celebrate the very best in European club football. Secure your place early so you can enjoy every moment of the exciting matches.<\/p>\n\n\n\t<div class=\"t2-image-carousel is-fit-cover is-ratio-4-3 alignfull wp-block-t2-image-carousel\" itemscope itemtype=\"http:\/\/schema.org\/ImageGallery\">\n\t\t<div\n\t\t\tclass=\"swiper-container t2-image-carousel-swiper\"\n\t\t\tdata-slides-per-view=\"2\"\n\t\t\tdata-auto-centered=\"yes\"\n\t\t\tdata-responsive=\"{&quot;breakpointMobile&quot;:640,&quot;spaceBetween&quot;:16,&quot;spaceBetweenMobile&quot;:16}\"\n\t\t\tdata-effect=\"slide\"\n\t\t>\n\t\t\t<div class=\"swiper-wrapper\" id=\"t2imagescarousel\">\n\t\t\t\t\t\t\t\t\t<figure itemprop=\"associatedMedia\" itemscope itemtype=\"http:\/\/schema.org\/ImageObject\" class=\"swiper-slide\">\n\t\t\t\t\t\t<div class=\"t2-image-carousel-image-wrapper\">\n\t\t\t\t\t\t\t<img loading=\"lazy\" decoding=\"async\" width=\"2560\" height=\"1707\" src=\"https:\/\/resthon.prod.dekodes.no\/content\/uploads\/sites\/23\/2025\/06\/122704_7IV00669-copy.jpg\" class=\"t2-image-carousel-image\" alt=\"\" itemprop=\"thumbnail\" style=\"\" srcset=\"https:\/\/resthon.prod.dekodes.no\/content\/uploads\/sites\/23\/2025\/06\/122704_7IV00669-copy.jpg 2560w, https:\/\/resthon.prod.dekodes.no\/content\/uploads\/sites\/23\/2025\/06\/122704_7IV00669-copy-300x200.jpg 300w, https:\/\/resthon.prod.dekodes.no\/content\/uploads\/sites\/23\/2025\/06\/122704_7IV00669-copy-768x512.jpg 768w, https:\/\/resthon.prod.dekodes.no\/content\/uploads\/sites\/23\/2025\/06\/122704_7IV00669-copy-1536x1024.jpg 1536w, https:\/\/resthon.prod.dekodes.no\/content\/uploads\/sites\/23\/2025\/06\/122704_7IV00669-copy-2048x1366.jpg 2048w\" sizes=\"auto, (max-width: 2560px) 100vw, 2560px\" \/>\t\t\t\t\t\t<\/div>\n\t\t\t\t\t\t\t\t\t\t\t<\/figure>\n\t\t\t\t\t\t\t\t\t\t<figure itemprop=\"associatedMedia\" itemscope itemtype=\"http:\/\/schema.org\/ImageObject\" class=\"swiper-slide\">\n\t\t\t\t\t\t<div class=\"t2-image-carousel-image-wrapper\">\n\t\t\t\t\t\t\t<img loading=\"lazy\" decoding=\"async\" width=\"1406\" height=\"1757\" src=\"https:\/\/resthon.prod.dekodes.no\/content\/uploads\/sites\/23\/2025\/06\/Andy-Johansen-25-of-26.jpg\" class=\"t2-image-carousel-image\" alt=\"\" itemprop=\"thumbnail\" style=\"\" srcset=\"https:\/\/resthon.prod.dekodes.no\/content\/uploads\/sites\/23\/2025\/06\/Andy-Johansen-25-of-26.jpg 1406w, https:\/\/resthon.prod.dekodes.no\/content\/uploads\/sites\/23\/2025\/06\/Andy-Johansen-25-of-26-240x300.jpg 240w, https:\/\/resthon.prod.dekodes.no\/content\/uploads\/sites\/23\/2025\/06\/Andy-Johansen-25-of-26-768x960.jpg 768w, https:\/\/resthon.prod.dekodes.no\/content\/uploads\/sites\/23\/2025\/06\/Andy-Johansen-25-of-26-1229x1536.jpg 1229w\" sizes=\"auto, (max-width: 1406px) 100vw, 1406px\" \/>\t\t\t\t\t\t<\/div>\n\t\t\t\t\t\t\t\t\t\t\t<\/figure>\n\t\t\t\t\t\t\t\t\t\t<figure itemprop=\"associatedMedia\" itemscope itemtype=\"http:\/\/schema.org\/ImageObject\" class=\"swiper-slide\">\n\t\t\t\t\t\t<div class=\"t2-image-carousel-image-wrapper\">\n\t\t\t\t\t\t\t<img loading=\"lazy\" decoding=\"async\" width=\"2560\" height=\"1707\" src=\"https:\/\/resthon.prod.dekodes.no\/content\/uploads\/sites\/23\/2025\/07\/122684_7IV00589-copy.jpg\" class=\"t2-image-carousel-image\" alt=\"\" itemprop=\"thumbnail\" style=\"\" srcset=\"https:\/\/resthon.prod.dekodes.no\/content\/uploads\/sites\/23\/2025\/07\/122684_7IV00589-copy.jpg 2560w, https:\/\/resthon.prod.dekodes.no\/content\/uploads\/sites\/23\/2025\/07\/122684_7IV00589-copy-300x200.jpg 300w, https:\/\/resthon.prod.dekodes.no\/content\/uploads\/sites\/23\/2025\/07\/122684_7IV00589-copy-768x512.jpg 768w, https:\/\/resthon.prod.dekodes.no\/content\/uploads\/sites\/23\/2025\/07\/122684_7IV00589-copy-1536x1024.jpg 1536w, https:\/\/resthon.prod.dekodes.no\/content\/uploads\/sites\/23\/2025\/07\/122684_7IV00589-copy-2048x1366.jpg 2048w\" sizes=\"auto, (max-width: 2560px) 100vw, 2560px\" \/>\t\t\t\t\t\t<\/div>\n\t\t\t\t\t\t\t\t\t\t\t<\/figure>\n\t\t\t\t\t\t\t\t\t\t<figure itemprop=\"associatedMedia\" itemscope itemtype=\"http:\/\/schema.org\/ImageObject\" class=\"swiper-slide\">\n\t\t\t\t\t\t<div class=\"t2-image-carousel-image-wrapper\">\n\t\t\t\t\t\t\t<img loading=\"lazy\" decoding=\"async\" width=\"2560\" height=\"1707\" src=\"https:\/\/resthon.prod.dekodes.no\/content\/uploads\/sites\/23\/2025\/06\/5T6A5576.jpg\" class=\"t2-image-carousel-image\" alt=\"\" itemprop=\"thumbnail\" style=\"\" srcset=\"https:\/\/resthon.prod.dekodes.no\/content\/uploads\/sites\/23\/2025\/06\/5T6A5576.jpg 2560w, https:\/\/resthon.prod.dekodes.no\/content\/uploads\/sites\/23\/2025\/06\/5T6A5576-300x200.jpg 300w, https:\/\/resthon.prod.dekodes.no\/content\/uploads\/sites\/23\/2025\/06\/5T6A5576-768x512.jpg 768w, https:\/\/resthon.prod.dekodes.no\/content\/uploads\/sites\/23\/2025\/06\/5T6A5576-1536x1024.jpg 1536w, https:\/\/resthon.prod.dekodes.no\/content\/uploads\/sites\/23\/2025\/06\/5T6A5576-2048x1366.jpg 2048w\" sizes=\"auto, (max-width: 2560px) 100vw, 2560px\" \/>\t\t\t\t\t\t<\/div>\n\t\t\t\t\t\t\t\t\t\t\t<\/figure>\n\t\t\t\t\t\t\t\t\t\t<figure itemprop=\"associatedMedia\" itemscope itemtype=\"http:\/\/schema.org\/ImageObject\" class=\"swiper-slide\">\n\t\t\t\t\t\t<div class=\"t2-image-carousel-image-wrapper\">\n\t\t\t\t\t\t\t<img loading=\"lazy\" decoding=\"async\" width=\"1992\" height=\"1328\" src=\"https:\/\/resthon.prod.dekodes.no\/content\/uploads\/sites\/23\/2025\/06\/122680_7IV00559-copy.jpg\" class=\"t2-image-carousel-image\" alt=\"\" itemprop=\"thumbnail\" style=\"\" srcset=\"https:\/\/resthon.prod.dekodes.no\/content\/uploads\/sites\/23\/2025\/06\/122680_7IV00559-copy.jpg 1992w, https:\/\/resthon.prod.dekodes.no\/content\/uploads\/sites\/23\/2025\/06\/122680_7IV00559-copy-300x200.jpg 300w, https:\/\/resthon.prod.dekodes.no\/content\/uploads\/sites\/23\/2025\/06\/122680_7IV00559-copy-768x512.jpg 768w, https:\/\/resthon.prod.dekodes.no\/content\/uploads\/sites\/23\/2025\/06\/122680_7IV00559-copy-1536x1024.jpg 1536w\" sizes=\"auto, (max-width: 1992px) 100vw, 1992px\" \/>\t\t\t\t\t\t<\/div>\n\t\t\t\t\t\t\t\t\t\t\t<\/figure>\n\t\t\t\t\t\t\t\t<\/div>\n\t\t\t<button\n\t\t\t\tclass=\"t2-images-carousel__icon t2-images-carousel__icon--prev\"\n\t\t\t\ttype=\"button\"\n\t\t\t\taria-controls=\"t2imagescarousel-slides\"\n\t\t\t\taria-label=\"Previous image\"\n\t\t\t>\n\t\t\t\t<svg xmlns=\"http:\/\/www.w3.org\/2000\/svg\" viewBox=\"0 0 24 24\" height=\"24\" width=\"24\" class=\"t2-icon t2-icon-arrowback\" aria-hidden=\"true\" focusable=\"false\"><path d=\"m10.9 19.3-6.6-6.6c-.1-.1-.2-.2-.2-.3-.1-.1-.1-.3-.1-.4 0-.1 0-.3.1-.4 0-.1.1-.2.2-.3l6.6-6.6c.2-.2.4-.3.7-.3.3 0 .5.1.7.3.2.2.3.4.3.7 0 .3-.1.5-.3.7L7.4 11h11.2c.3 0 .5.1.7.3.2.2.3.4.3.7s-.1.5-.3.7c-.2.2-.4.3-.7.3H7.4l4.9 4.9c.2.2.3.4.3.7 0 .3-.1.5-.3.7-.2.2-.4.3-.7.3s-.5-.1-.7-.3z\"\/><\/svg>\t\t\t<\/button>\n\t\t\t<button\n\t\t\t\tclass=\"t2-images-carousel__icon t2-images-carousel__icon--next\"\n\t\t\t\ttype=\"button\"\n\t\t\t\taria-controls=\"t2imagescarousel-slides\"\n\t\t\t\taria-label=\"Next image\"\n\t\t\t>\n\t\t\t\t<svg xmlns=\"http:\/\/www.w3.org\/2000\/svg\" viewBox=\"0 0 24 24\" height=\"24\" width=\"24\" class=\"t2-icon t2-icon-arrowforward\" aria-hidden=\"true\" focusable=\"false\"><path d=\"M13.815 5.278a.792.792 0 0 0-.459.348c-.122.197-.124.548-.004.738.046.075 1.147 1.198 2.446 2.496l2.362 2.36-7.69.02-7.69.02-.153.095a.714.714 0 0 0-.36.648c0 .2.019.267.116.405a.951.951 0 0 0 .277.248l.16.084 7.67.02 7.67.02-2.362 2.36c-1.299 1.298-2.4 2.421-2.446 2.496-.12.19-.118.541.004.738.176.284.484.409.833.338.185-.039.288-.137 3.305-3.146 2.135-2.129 3.138-3.156 3.189-3.266a.667.667 0 0 0 0-.6c-.051-.11-1.053-1.135-3.189-3.265-2.941-2.932-3.124-3.107-3.302-3.15-.206-.05-.199-.049-.377-.007\"\/><\/svg>\t\t\t<\/button>\n\t\t<\/div>\n\t<\/div>\n\t","protected":false},"excerpt":{"rendered":"<p>UEFA Champions League Europe&#8217;s premier club football tournament captivates millions of fans worldwide with its&#8230;<\/p>\n","protected":false},"author":4,"featured_media":935,"parent":0,"menu_order":0,"comment_status":"closed","ping_status":"closed","template":"","meta":{"_acf_changed":false,"editor_notices":[],"footnotes":""},"class_list":["post-934","page","type-page","status-publish","has-post-thumbnail","hentry"],"acf":[],"yoast_head":"<!-- This site is optimized with the Yoast SEO Premium plugin v27.3 (Yoast SEO v27.4) - https:\/\/yoast.com\/product\/yoast-seo-premium-wordpress\/ -->\n<title>Watch Champions league on big screens - Resthon (EN)<\/title>\n<meta name=\"description\" content=\"Experience the Champions League on the big screen in Oslo. Check out the overview of matches and secure yourself a good place at one of our venues.\" \/>\n<meta name=\"robots\" content=\"index, follow, max-snippet:-1, max-image-preview:large, max-video-preview:-1\" \/>\n<link rel=\"canonical\" href=\"https:\/\/www.resthon.no\/en\/champions-league-2024\/\" \/>\n<meta property=\"og:locale\" content=\"en_US\" \/>\n<meta property=\"og:type\" content=\"article\" \/>\n<meta property=\"og:title\" content=\"Champions League 2024\" \/>\n<meta property=\"og:description\" content=\"Experience the Champions League on the big screen in Oslo. Check out the overview of matches and secure yourself a good place at one of our venues.\" \/>\n<meta property=\"og:url\" content=\"https:\/\/www.resthon.no\/en\/champions-league-2024\/\" \/>\n<meta property=\"og:site_name\" content=\"Resthon (EN)\" \/>\n<meta property=\"article:modified_time\" content=\"2025-07-22T15:05:15+00:00\" \/>\n<meta property=\"og:image\" content=\"https:\/\/resthon.prod.dekodes.no\/content\/uploads\/sites\/23\/2025\/07\/Web-pictures-Resthon_thumbnail2-scaled.jpg\" \/>\n\t<meta property=\"og:image:width\" content=\"2560\" \/>\n\t<meta property=\"og:image:height\" content=\"1340\" \/>\n\t<meta property=\"og:image:type\" content=\"image\/jpeg\" \/>\n<meta name=\"twitter:card\" content=\"summary_large_image\" \/>\n<meta name=\"twitter:label1\" content=\"Est. reading time\" \/>\n\t<meta name=\"twitter:data1\" content=\"2 minutes\" \/>\n<script type=\"application\/ld+json\" class=\"yoast-schema-graph\">{\"@context\":\"https:\\\/\\\/schema.org\",\"@graph\":[{\"@type\":\"WebPage\",\"@id\":\"https:\\\/\\\/www.resthon.no\\\/en\\\/champions-league-2024\\\/\",\"url\":\"https:\\\/\\\/www.resthon.no\\\/en\\\/champions-league-2024\\\/\",\"name\":\"Watch Champions league on big screens - Resthon (EN)\",\"isPartOf\":{\"@id\":\"https:\\\/\\\/www.resthon.no\\\/en\\\/#website\"},\"primaryImageOfPage\":{\"@id\":\"https:\\\/\\\/www.resthon.no\\\/en\\\/champions-league-2024\\\/#primaryimage\"},\"image\":{\"@id\":\"https:\\\/\\\/www.resthon.no\\\/en\\\/champions-league-2024\\\/#primaryimage\"},\"thumbnailUrl\":\"https:\\\/\\\/resthon.prod.dekodes.no\\\/content\\\/uploads\\\/sites\\\/23\\\/2025\\\/07\\\/Web-pictures-Resthon_thumbnail2-scaled.jpg\",\"datePublished\":\"2025-07-22T15:05:14+00:00\",\"dateModified\":\"2025-07-22T15:05:15+00:00\",\"description\":\"Experience the Champions League on the big screen in Oslo. Check out the overview of matches and secure yourself a good place at one of our venues.\",\"breadcrumb\":{\"@id\":\"https:\\\/\\\/www.resthon.no\\\/en\\\/champions-league-2024\\\/#breadcrumb\"},\"inLanguage\":\"en-US\",\"potentialAction\":[{\"@type\":\"ReadAction\",\"target\":[\"https:\\\/\\\/www.resthon.no\\\/en\\\/champions-league-2024\\\/\"]}]},{\"@type\":\"ImageObject\",\"inLanguage\":\"en-US\",\"@id\":\"https:\\\/\\\/www.resthon.no\\\/en\\\/champions-league-2024\\\/#primaryimage\",\"url\":\"https:\\\/\\\/resthon.prod.dekodes.no\\\/content\\\/uploads\\\/sites\\\/23\\\/2025\\\/07\\\/Web-pictures-Resthon_thumbnail2-scaled.jpg\",\"contentUrl\":\"https:\\\/\\\/resthon.prod.dekodes.no\\\/content\\\/uploads\\\/sites\\\/23\\\/2025\\\/07\\\/Web-pictures-Resthon_thumbnail2-scaled.jpg\",\"width\":2560,\"height\":1340},{\"@type\":\"BreadcrumbList\",\"@id\":\"https:\\\/\\\/www.resthon.no\\\/en\\\/champions-league-2024\\\/#breadcrumb\",\"itemListElement\":[{\"@type\":\"ListItem\",\"position\":1,\"name\":\"Hjem\",\"item\":\"https:\\\/\\\/www.resthon.no\\\/en\\\/\"},{\"@type\":\"ListItem\",\"position\":2,\"name\":\"Champions League 2024\"}]},{\"@type\":\"WebSite\",\"@id\":\"https:\\\/\\\/www.resthon.no\\\/en\\\/#website\",\"url\":\"https:\\\/\\\/www.resthon.no\\\/en\\\/\",\"name\":\"Resthon (EN)\",\"description\":\"Event space | Nightlife | Entertainment\",\"potentialAction\":[{\"@type\":\"SearchAction\",\"target\":{\"@type\":\"EntryPoint\",\"urlTemplate\":\"https:\\\/\\\/www.resthon.no\\\/en\\\/?s={search_term_string}\"},\"query-input\":{\"@type\":\"PropertyValueSpecification\",\"valueRequired\":true,\"valueName\":\"search_term_string\"}}],\"inLanguage\":\"en-US\"}]}<\/script>\n<!-- \/ Yoast SEO Premium plugin. -->","yoast_head_json":{"title":"Watch Champions league on big screens - Resthon (EN)","description":"Experience the Champions League on the big screen in Oslo. Check out the overview of matches and secure yourself a good place at one of our venues.","robots":{"index":"index","follow":"follow","max-snippet":"max-snippet:-1","max-image-preview":"max-image-preview:large","max-video-preview":"max-video-preview:-1"},"canonical":"https:\/\/www.resthon.no\/en\/champions-league-2024\/","og_locale":"en_US","og_type":"article","og_title":"Champions League 2024","og_description":"Experience the Champions League on the big screen in Oslo. Check out the overview of matches and secure yourself a good place at one of our venues.","og_url":"https:\/\/www.resthon.no\/en\/champions-league-2024\/","og_site_name":"Resthon (EN)","article_modified_time":"2025-07-22T15:05:15+00:00","og_image":[{"width":2560,"height":1340,"url":"https:\/\/resthon.prod.dekodes.no\/content\/uploads\/sites\/23\/2025\/07\/Web-pictures-Resthon_thumbnail2-scaled.jpg","type":"image\/jpeg"}],"twitter_card":"summary_large_image","twitter_misc":{"Est. reading time":"2 minutes"},"schema":{"@context":"https:\/\/schema.org","@graph":[{"@type":"WebPage","@id":"https:\/\/www.resthon.no\/en\/champions-league-2024\/","url":"https:\/\/www.resthon.no\/en\/champions-league-2024\/","name":"Watch Champions league on big screens - Resthon (EN)","isPartOf":{"@id":"https:\/\/www.resthon.no\/en\/#website"},"primaryImageOfPage":{"@id":"https:\/\/www.resthon.no\/en\/champions-league-2024\/#primaryimage"},"image":{"@id":"https:\/\/www.resthon.no\/en\/champions-league-2024\/#primaryimage"},"thumbnailUrl":"https:\/\/resthon.prod.dekodes.no\/content\/uploads\/sites\/23\/2025\/07\/Web-pictures-Resthon_thumbnail2-scaled.jpg","datePublished":"2025-07-22T15:05:14+00:00","dateModified":"2025-07-22T15:05:15+00:00","description":"Experience the Champions League on the big screen in Oslo. Check out the overview of matches and secure yourself a good place at one of our venues.","breadcrumb":{"@id":"https:\/\/www.resthon.no\/en\/champions-league-2024\/#breadcrumb"},"inLanguage":"en-US","potentialAction":[{"@type":"ReadAction","target":["https:\/\/www.resthon.no\/en\/champions-league-2024\/"]}]},{"@type":"ImageObject","inLanguage":"en-US","@id":"https:\/\/www.resthon.no\/en\/champions-league-2024\/#primaryimage","url":"https:\/\/resthon.prod.dekodes.no\/content\/uploads\/sites\/23\/2025\/07\/Web-pictures-Resthon_thumbnail2-scaled.jpg","contentUrl":"https:\/\/resthon.prod.dekodes.no\/content\/uploads\/sites\/23\/2025\/07\/Web-pictures-Resthon_thumbnail2-scaled.jpg","width":2560,"height":1340},{"@type":"BreadcrumbList","@id":"https:\/\/www.resthon.no\/en\/champions-league-2024\/#breadcrumb","itemListElement":[{"@type":"ListItem","position":1,"name":"Hjem","item":"https:\/\/www.resthon.no\/en\/"},{"@type":"ListItem","position":2,"name":"Champions League 2024"}]},{"@type":"WebSite","@id":"https:\/\/www.resthon.no\/en\/#website","url":"https:\/\/www.resthon.no\/en\/","name":"Resthon (EN)","description":"Event space | Nightlife | Entertainment","potentialAction":[{"@type":"SearchAction","target":{"@type":"EntryPoint","urlTemplate":"https:\/\/www.resthon.no\/en\/?s={search_term_string}"},"query-input":{"@type":"PropertyValueSpecification","valueRequired":true,"valueName":"search_term_string"}}],"inLanguage":"en-US"}]}},"_links":{"self":[{"href":"https:\/\/www.resthon.no\/en\/wp-json\/wp\/v2\/pages\/934","targetHints":{"allow":["GET"]}}],"collection":[{"href":"https:\/\/www.resthon.no\/en\/wp-json\/wp\/v2\/pages"}],"about":[{"href":"https:\/\/www.resthon.no\/en\/wp-json\/wp\/v2\/types\/page"}],"author":[{"embeddable":true,"href":"https:\/\/www.resthon.no\/en\/wp-json\/wp\/v2\/users\/4"}],"replies":[{"embeddable":true,"href":"https:\/\/www.resthon.no\/en\/wp-json\/wp\/v2\/comments?post=934"}],"version-history":[{"count":1,"href":"https:\/\/www.resthon.no\/en\/wp-json\/wp\/v2\/pages\/934\/revisions"}],"predecessor-version":[{"id":937,"href":"https:\/\/www.resthon.no\/en\/wp-json\/wp\/v2\/pages\/934\/revisions\/937"}],"wp:featuredmedia":[{"embeddable":true,"href":"https:\/\/www.resthon.no\/en\/wp-json\/wp\/v2\/media\/935"}],"wp:attachment":[{"href":"https:\/\/www.resthon.no\/en\/wp-json\/wp\/v2\/media?parent=934"}],"curies":[{"name":"wp","href":"https:\/\/api.w.org\/{rel}","templated":true}]}}